{"id":77,"date":"2025-12-19T16:55:06","date_gmt":"2025-12-19T15:55:06","guid":{"rendered":"https:\/\/medikama.de\/?page_id=77"},"modified":"2025-12-20T18:38:07","modified_gmt":"2025-12-20T17:38:07","slug":"home","status":"publish","type":"page","link":"https:\/\/medikama.de\/","title":{"rendered":"Home"},"content":{"rendered":"\n<div class=\"wp-block-columns has-background is-layout-flex wp-container-core-columns-is-layout-1299d824 wp-block-columns-is-layout-flex\" style=\"background-color:#f3f7f6;margin-top:40px;margin-bottom:40px;padding-top:60px;padding-right:40px;padding-bottom:60px;padding-left:40px\">\n<div class=\"wp-block-column is-layout-flow wp-block-column-is-layout-flow\">\n<h1 class=\"wp-block-heading alignfull has-text-align-left\"><strong>Medikama <\/strong><\/h1>\n\n\n\n<p class=\"has-text-align-left\"><strong> Nat\u00fcrliche Pflege f\u00fcr gesunde Haut<\/strong><\/p>\n\n\n\n<p class=\"has-text-align-left\"><strong>Medikama steht f\u00fcr hochwertige, nat\u00fcrliche Hautpflegeprodukte. Unsere Formeln sind sanft zur Haut, sorgf\u00e4ltig ausgew\u00e4hlt und f\u00fcr den t\u00e4glichen Gebrauch geeignet.<\/strong><\/p>\n\n\n\n<div style=\"height:20px\" aria-hidden=\"true\" class=\"wp-block-spacer\"><\/div>\n\n\n\n<div class=\"wp-block-buttons alignfull is-content-justification-center is-layout-flex wp-container-core-buttons-is-layout-a89b3969 wp-block-buttons-is-layout-flex\">\n<div class=\"wp-block-button\"><a class=\"wp-block-button__link has-ast-global-color-4-color has-text-color has-background has-link-color has-text-align-center wp-element-button\" href=\"https:\/\/medikama.de\/?page_id=10\" style=\"border-top-left-radius:12px;border-top-right-radius:12px;border-bottom-left-radius:12px;border-bottom-right-radius:12px;background-color:#6b8e23\">Zum Shop<\/a><\/div>\n<\/div>\n<\/div>\n\n\n\n<div class=\"wp-block-column is-layout-flow wp-block-column-is-layout-flow\">\n<figure class=\"wp-block-image aligncenter size-large\"><img loading=\"lazy\" decoding=\"async\" width=\"687\" height=\"1024\" src=\"https:\/\/medikama.de\/wp-content\/uploads\/2025\/12\/photo_2025-12-17_12-17-28-1-687x1024.jpg\" alt=\"\" class=\"wp-image-94\" srcset=\"https:\/\/medikama.de\/wp-content\/uploads\/2025\/12\/photo_2025-12-17_12-17-28-1-687x1024.jpg 687w, https:\/\/medikama.de\/wp-content\/uploads\/2025\/12\/photo_2025-12-17_12-17-28-1-600x894.jpg 600w, https:\/\/medikama.de\/wp-content\/uploads\/2025\/12\/photo_2025-12-17_12-17-28-1-201x300.jpg 201w, https:\/\/medikama.de\/wp-content\/uploads\/2025\/12\/photo_2025-12-17_12-17-28-1-768x1144.jpg 768w, https:\/\/medikama.de\/wp-content\/uploads\/2025\/12\/photo_2025-12-17_12-17-28-1.jpg 859w\" sizes=\"auto, (max-width: 687px) 100vw, 687px\" \/><\/figure>\n<\/div>\n<\/div>\n\n\n\n<div style=\"height:40px\" aria-hidden=\"true\" class=\"wp-block-spacer\"><\/div>\n\n\n\n<div class=\"wp-block-group is-layout-constrained wp-block-group-is-layout-constrained\">\n<div class=\"wp-block-columns is-layout-flex wp-container-core-columns-is-layout-28f84493 wp-block-columns-is-layout-flex\">\n<div class=\"wp-block-column is-layout-flow wp-block-column-is-layout-flow\">\n<figure class=\"wp-block-image aligncenter size-full is-resized\"><img loading=\"lazy\" decoding=\"async\" width=\"474\" height=\"248\" src=\"https:\/\/medikama.de\/wp-content\/uploads\/2025\/12\/OIP.webp\" alt=\"\" class=\"wp-image-125\" style=\"aspect-ratio:1.9113879421788695;object-fit:cover;width:38px\" srcset=\"https:\/\/medikama.de\/wp-content\/uploads\/2025\/12\/OIP.webp 474w, https:\/\/medikama.de\/wp-content\/uploads\/2025\/12\/OIP-300x157.webp 300w\" sizes=\"auto, (max-width: 474px) 100vw, 474px\" \/><\/figure>\n\n\n\n<h4 class=\"wp-block-heading has-text-align-center\">Nat\u00fcrliche Inhaltsstoffe<\/h4>\n\n\n\n<p class=\"has-text-align-center\">Sanfte Pflege ohne aggressive Chemikalien \u2013 ideal f\u00fcr empfindliche Haut.<\/p>\n<\/div>\n\n\n\n<div class=\"wp-block-column is-layout-flow wp-block-column-is-layout-flow\">\n<figure class=\"wp-block-image aligncenter size-full is-resized\"><img loading=\"lazy\" decoding=\"async\" width=\"240\" height=\"240\" src=\"https:\/\/medikama.de\/wp-content\/uploads\/2025\/12\/shield-microsoft.png\" alt=\"\" class=\"wp-image-127\" style=\"width:38px\" srcset=\"https:\/\/medikama.de\/wp-content\/uploads\/2025\/12\/shield-microsoft.png 240w, https:\/\/medikama.de\/wp-content\/uploads\/2025\/12\/shield-microsoft-150x150.png 150w, https:\/\/medikama.de\/wp-content\/uploads\/2025\/12\/shield-microsoft-100x100.png 100w\" sizes=\"auto, (max-width: 240px) 100vw, 240px\" \/><\/figure>\n\n\n\n<h4 class=\"wp-block-heading has-text-align-center\">Dermatologisch getestet<\/h4>\n\n\n\n<p class=\"has-text-align-center\">Sicher und gut vertr\u00e4glich f\u00fcr den t\u00e4glichen Gebrauch.<\/p>\n<\/div>\n\n\n\n<div class=\"wp-block-column is-layout-flow wp-block-column-is-layout-flow\">\n<figure class=\"wp-block-image aligncenter size-full is-resized\"><img loading=\"lazy\" decoding=\"async\" width=\"1000\" height=\"1000\" src=\"https:\/\/medikama.de\/wp-content\/uploads\/2025\/12\/2207658_1.jpg\" alt=\"\" class=\"wp-image-128\" style=\"width:38px\" srcset=\"https:\/\/medikama.de\/wp-content\/uploads\/2025\/12\/2207658_1.jpg 1000w, https:\/\/medikama.de\/wp-content\/uploads\/2025\/12\/2207658_1-300x300.jpg 300w, https:\/\/medikama.de\/wp-content\/uploads\/2025\/12\/2207658_1-150x150.jpg 150w, https:\/\/medikama.de\/wp-content\/uploads\/2025\/12\/2207658_1-768x768.jpg 768w, https:\/\/medikama.de\/wp-content\/uploads\/2025\/12\/2207658_1-600x600.jpg 600w, https:\/\/medikama.de\/wp-content\/uploads\/2025\/12\/2207658_1-100x100.jpg 100w\" sizes=\"auto, (max-width: 1000px) 100vw, 1000px\" \/><\/figure>\n\n\n\n<h4 class=\"wp-block-heading has-text-align-center\">Made in Germany<\/h4>\n\n\n\n<p class=\"has-text-align-center\">Hergestellt nach h\u00f6chsten Qualit\u00e4ts- und Sicherheitsstandards.<\/p>\n<\/div>\n<\/div>\n\n\n\n<div style=\"height:30px\" aria-hidden=\"true\" class=\"wp-block-spacer\"><\/div>\n<\/div>\n\n\n\n<div class=\"wp-block-group has-border-color has-background is-layout-constrained wp-container-core-group-is-layout-95339512 wp-block-group-is-layout-constrained\" style=\"border-color:#e5e7eb;border-width:1px;border-top-left-radius:12px;border-top-right-radius:12px;border-bottom-left-radius:12px;border-bottom-right-radius:12px;background-color:#f9fafb;padding-top:24px;padding-right:24px;padding-bottom:24px;padding-left:24px\">\n<figure class=\"wp-block-image aligncenter size-large is-resized\"><img loading=\"lazy\" decoding=\"async\" width=\"1024\" height=\"576\" src=\"https:\/\/medikama.de\/wp-content\/uploads\/2025\/12\/arganoel-fuer-die-haut-bild-1024x576.jpg\" alt=\"\" class=\"wp-image-132\" style=\"width:1119px;height:auto\" srcset=\"https:\/\/medikama.de\/wp-content\/uploads\/2025\/12\/arganoel-fuer-die-haut-bild-1024x576.jpg 1024w, https:\/\/medikama.de\/wp-content\/uploads\/2025\/12\/arganoel-fuer-die-haut-bild-300x169.jpg 300w, https:\/\/medikama.de\/wp-content\/uploads\/2025\/12\/arganoel-fuer-die-haut-bild-768x432.jpg 768w, https:\/\/medikama.de\/wp-content\/uploads\/2025\/12\/arganoel-fuer-die-haut-bild-600x338.jpg 600w, https:\/\/medikama.de\/wp-content\/uploads\/2025\/12\/arganoel-fuer-die-haut-bild.jpg 1440w\" sizes=\"auto, (max-width: 1024px) 100vw, 1024px\" \/><\/figure>\n\n\n\n<h2 class=\"wp-block-heading has-text-align-center\">Unser Produkt<\/h2>\n\n\n\n<p class=\"has-text-align-center\">Unsere regenerierende Hautpflege unterst\u00fctzt die nat\u00fcrliche Erneuerung der Haut,<br>spendet intensive Feuchtigkeit und sorgt f\u00fcr ein gesundes, gepflegtes Hautbild.<\/p>\n\n\n\n<div style=\"height:20px\" aria-hidden=\"true\" class=\"wp-block-spacer\"><\/div>\n\n\n\n<div class=\"wp-block-buttons is-content-justification-center is-layout-flex wp-container-core-buttons-is-layout-a89b3969 wp-block-buttons-is-layout-flex\">\n<div class=\"wp-block-button\"><a class=\"wp-block-button__link has-text-align-center wp-element-button\" href=\"https:\/\/medikama.de\/?page_id=10\">Zum Produkt<\/a><\/div>\n<\/div>\n<\/div>\n\n\n\n<p><\/p>\n","protected":false},"excerpt":{"rendered":"<p>Medikama Nat\u00fcrliche Pflege f\u00fcr gesunde Haut Medikama steht f\u00fcr hochwertige, nat\u00fcrliche Hautpflegeprodukte. Unsere Formeln sind sanft zur Haut, sorgf\u00e4ltig ausgew\u00e4hlt [&hellip;]<\/p>\n","protected":false},"author":1,"featured_media":0,"parent":0,"menu_order":0,"comment_status":"closed","ping_status":"closed","template":"","meta":{"site-sidebar-layout":"default","site-content-layout":"","ast-site-content-layout":"default","site-content-style":"default","site-sidebar-style":"default","ast-global-header-display":"","ast-banner-title-visibility":"","ast-main-header-display":"","ast-hfb-above-header-display":"","ast-hfb-below-header-display":"","ast-hfb-mobile-header-display":"","site-post-title":"disabled","ast-breadcrumbs-content":"","ast-featured-img":"","footer-sml-layout":"","ast-disable-related-posts":"","theme-transparent-header-meta":"","adv-header-id-meta":"","stick-header-meta":"","header-above-stick-meta":"","header-main-stick-meta":"","header-below-stick-meta":"","astra-migrate-meta-layouts":"default","ast-page-background-enabled":"default","ast-page-background-meta":{"desktop":{"background-color":"var(--ast-global-color-5)","background-image":"","background-repeat":"repeat","background-position":"center center","background-size":"auto","background-attachment":"scroll","background-type":"","background-media":"","overlay-type":"","overlay-color":"","overlay-opacity":"","overlay-gradient":""},"tablet":{"background-color":"","background-image":"","background-repeat":"repeat","background-position":"center center","background-size":"auto","background-attachment":"scroll","background-type":"","background-media":"","overlay-type":"","overlay-color":"","overlay-opacity":"","overlay-gradient":""},"mobile":{"background-color":"","background-image":"","background-repeat":"repeat","background-position":"center center","background-size":"auto","background-attachment":"scroll","background-type":"","background-media":"","overlay-type":"","overlay-color":"","overlay-opacity":"","overlay-gradient":""}},"ast-content-background-meta":{"desktop":{"background-color":"var(--ast-global-color-4)","background-image":"","background-repeat":"repeat","background-position":"center center","background-size":"auto","background-attachment":"scroll","background-type":"","background-media":"","overlay-type":"","overlay-color":"","overlay-opacity":"","overlay-gradient":""},"tablet":{"background-color":"var(--ast-global-color-4)","background-image":"","background-repeat":"repeat","background-position":"center center","background-size":"auto","background-attachment":"scroll","background-type":"","background-media":"","overlay-type":"","overlay-color":"","overlay-opacity":"","overlay-gradient":""},"mobile":{"background-color":"var(--ast-global-color-4)","background-image":"","background-repeat":"repeat","background-position":"center center","background-size":"auto","background-attachment":"scroll","background-type":"","background-media":"","overlay-type":"","overlay-color":"","overlay-opacity":"","overlay-gradient":""}},"footnotes":""},"class_list":["post-77","page","type-page","status-publish","hentry"],"_links":{"self":[{"href":"https:\/\/medikama.de\/index.php?rest_route=\/wp\/v2\/pages\/77","targetHints":{"allow":["GET"]}}],"collection":[{"href":"https:\/\/medikama.de\/index.php?rest_route=\/wp\/v2\/pages"}],"about":[{"href":"https:\/\/medikama.de\/index.php?rest_route=\/wp\/v2\/types\/page"}],"author":[{"embeddable":true,"href":"https:\/\/medikama.de\/index.php?rest_route=\/wp\/v2\/users\/1"}],"replies":[{"embeddable":true,"href":"https:\/\/medikama.de\/index.php?rest_route=%2Fwp%2Fv2%2Fcomments&post=77"}],"version-history":[{"count":31,"href":"https:\/\/medikama.de\/index.php?rest_route=\/wp\/v2\/pages\/77\/revisions"}],"predecessor-version":[{"id":140,"href":"https:\/\/medikama.de\/index.php?rest_route=\/wp\/v2\/pages\/77\/revisions\/140"}],"wp:attachment":[{"href":"https:\/\/medikama.de\/index.php?rest_route=%2Fwp%2Fv2%2Fmedia&parent=77"}],"curies":[{"name":"wp","href":"https:\/\/api.w.org\/{rel}","templated":true}]}}